{"id":1850,"date":"2025-10-22T13:02:15","date_gmt":"2025-10-22T11:02:15","guid":{"rendered":"https:\/\/mundoanimal.catedu.es\/?page_id=1850"},"modified":"2026-03-19T13:50:52","modified_gmt":"2026-03-19T12:50:52","slug":"evento-final","status":"publish","type":"page","link":"https:\/\/mundoanimal.catedu.es\/?page_id=1850","title":{"rendered":"EVENTO FINAL"},"content":{"rendered":"\n<p><strong>\u00bfCu\u00e1ndo y d\u00f3nde se celebrar\u00e1?<\/strong><\/p>\n\n\n\n<p>El\u00a0mi\u00e9rcoles 10 de junio en horario de 10 a 13 horas. Ser\u00e1 en el\u00a0Centro C\u00edvico Delicias, en Zaragoza.<\/p>\n\n\n\n<p><\/p>\n\n\n\n<p><strong>\u00bfEn qu\u00e9 consistir\u00e1 la jornada?<\/strong><\/p>\n\n\n\n<p>&#8211; En primer lugar se har\u00e1 una puesta en com\u00fan de los diferentes trabajos realizados y ser\u00e1 un grupo representativo de alumnos de cada centro quienes realicen una breve exposici\u00f3n.&nbsp;<\/p>\n\n\n\n<p>&#8211; Despu\u00e9s el alumnado asistir\u00e1 a una charla de sensibilizaci\u00f3n animal llevada a cabo por un ponente externo.<\/p>\n\n\n\n<p>&#8211; Finalmente se realizar\u00e1 la entrega de premios sobre el Concurso de relatos.&nbsp;<\/p>\n\n\n\n<p>En definitiva, se trata de que esta jornada sirva para visibilizar y poner en valor el trabajo y la sensibilizaci\u00f3n que se est\u00e1 llevando a cabo en los centros y que el alumnado pueda aprender de otras experiencias. &nbsp;<\/p>\n\n\n\n<p><\/p>\n\n\n\n<p><strong>\u00bfQui\u00e9nes pueden participar?\u00a0<\/strong><\/p>\n\n\n\n<p>En este evento podr\u00e1n participar los centros que hayan desarrollado y llevado a cabo diferentes tipos de proyectos y trabajos con el alumnado de forma complementaria a las sesiones y vinculados con los contenidos del programa.<\/p>\n\n\n\n<p><\/p>\n\n\n\n<p><strong>\u00bfC\u00f3mo me inscribo?<\/strong>Teniendo en cuenta el requisito anterior, si quer\u00e9is participar en este evento deb\u00e9is confirmar en este\u00a0<a href=\"https:\/\/docs.google.com\/forms\/d\/e\/1FAIpQLScUJ4OaPKCHyGrf9gczmh14HctZa6NWbk17_487E9wgvplk3w\/viewform?usp=sharing&amp;ouid=114971392567326246076\" target=\"_blank\" rel=\"noreferrer noopener\">FORMULARIO<\/a>\u00a0vuestra asistencia\u00a0antes del 10 de ABRIL.\u00a0<\/p>\n\n\n\n<p>En principio se contempla la participaci\u00f3n de 5 alumnos por centro, pero esta cifra podr\u00eda aumentar en funci\u00f3n del n\u00famero de centros que participen finalmente teniendo en cuenta el aforo del espacio.&nbsp;<\/p>\n\n\n\n<p><\/p>\n\n\n\n<figure class=\"wp-block-gallery has-nested-images columns-default is-cropped wp-block-gallery-1 is-layout-flex wp-block-gallery-is-layout-flex\">\n<figure class=\"wp-block-image size-large\"><img loading=\"lazy\" decoding=\"async\" width=\"729\" height=\"396\" data-id=\"1667\" src=\"https:\/\/mundoanimal.catedu.es\/wp-content\/uploads\/sites\/302\/2025\/06\/Captura-de-Pantalla-2025-06-24-a-las-18.08.47.png\" alt=\"\" class=\"wp-image-1667\" srcset=\"https:\/\/mundoanimal.catedu.es\/wp-content\/uploads\/sites\/302\/2025\/06\/Captura-de-Pantalla-2025-06-24-a-las-18.08.47.png 729w, https:\/\/mundoanimal.catedu.es\/wp-content\/uploads\/sites\/302\/2025\/06\/Captura-de-Pantalla-2025-06-24-a-las-18.08.47-300x163.png 300w\" sizes=\"auto, (max-width: 729px) 100vw, 729px\" \/><\/figure>\n\n\n\n<figure class=\"wp-block-image size-large\"><img loading=\"lazy\" decoding=\"async\" width=\"1024\" height=\"768\" data-id=\"1432\" src=\"https:\/\/mundoanimal.catedu.es\/wp-content\/uploads\/sites\/302\/2024\/11\/IMG_7500-1024x768.jpg\" alt=\"\" class=\"wp-image-1432\" srcset=\"https:\/\/mundoanimal.catedu.es\/wp-content\/uploads\/sites\/302\/2024\/11\/IMG_7500-1024x768.jpg 1024w, https:\/\/mundoanimal.catedu.es\/wp-content\/uploads\/sites\/302\/2024\/11\/IMG_7500-300x225.jpg 300w, https:\/\/mundoanimal.catedu.es\/wp-content\/uploads\/sites\/302\/2024\/11\/IMG_7500-768x576.jpg 768w, https:\/\/mundoanimal.catedu.es\/wp-content\/uploads\/sites\/302\/2024\/11\/IMG_7500-1536x1152.jpg 1536w, https:\/\/mundoanimal.catedu.es\/wp-content\/uploads\/sites\/302\/2024\/11\/IMG_7500-2048x1536.jpg 2048w\" sizes=\"auto, (max-width: 1024px) 100vw, 1024px\" \/><\/figure>\n\n\n\n<figure class=\"wp-block-image size-large\"><img loading=\"lazy\" decoding=\"async\" width=\"1024\" height=\"577\" data-id=\"1043\" src=\"https:\/\/mundoanimal.catedu.es\/wp-content\/uploads\/sites\/302\/2023\/11\/Colegio-San-Vicente-de-Paul-20-11-23-1024x577.png\" alt=\"\" class=\"wp-image-1043\" srcset=\"https:\/\/mundoanimal.catedu.es\/wp-content\/uploads\/sites\/302\/2023\/11\/Colegio-San-Vicente-de-Paul-20-11-23-1024x577.png 1024w, https:\/\/mundoanimal.catedu.es\/wp-content\/uploads\/sites\/302\/2023\/11\/Colegio-San-Vicente-de-Paul-20-11-23-300x169.png 300w, https:\/\/mundoanimal.catedu.es\/wp-content\/uploads\/sites\/302\/2023\/11\/Colegio-San-Vicente-de-Paul-20-11-23-768x433.png 768w, https:\/\/mundoanimal.catedu.es\/wp-content\/uploads\/sites\/302\/2023\/11\/Colegio-San-Vicente-de-Paul-20-11-23.png 1269w\" sizes=\"auto, (max-width: 1024px) 100vw, 1024px\" \/><\/figure>\n\n\n\n<figure class=\"wp-block-image size-large\"><img loading=\"lazy\" decoding=\"async\" width=\"1024\" height=\"768\" data-id=\"793\" src=\"https:\/\/mundoanimal.catedu.es\/wp-content\/uploads\/sites\/302\/2023\/03\/IMG_20221123_125803-1024x768.jpg\" alt=\"\" class=\"wp-image-793\" srcset=\"https:\/\/mundoanimal.catedu.es\/wp-content\/uploads\/sites\/302\/2023\/03\/IMG_20221123_125803-1024x768.jpg 1024w, https:\/\/mundoanimal.catedu.es\/wp-content\/uploads\/sites\/302\/2023\/03\/IMG_20221123_125803-300x225.jpg 300w, https:\/\/mundoanimal.catedu.es\/wp-content\/uploads\/sites\/302\/2023\/03\/IMG_20221123_125803-768x576.jpg 768w, https:\/\/mundoanimal.catedu.es\/wp-content\/uploads\/sites\/302\/2023\/03\/IMG_20221123_125803-1536x1152.jpg 1536w, https:\/\/mundoanimal.catedu.es\/wp-content\/uploads\/sites\/302\/2023\/03\/IMG_20221123_125803-2048x1536.jpg 2048w\" sizes=\"auto, (max-width: 1024px) 100vw, 1024px\" \/><\/figure>\n\n\n\n<figure class=\"wp-block-image size-large\"><img loading=\"lazy\" decoding=\"async\" width=\"1024\" height=\"714\" data-id=\"430\" src=\"https:\/\/mundoanimal.catedu.es\/wp-content\/uploads\/sites\/302\/2022\/06\/FOTO-4-1024x714.jpg\" alt=\"\" class=\"wp-image-430\" srcset=\"https:\/\/mundoanimal.catedu.es\/wp-content\/uploads\/sites\/302\/2022\/06\/FOTO-4-1024x714.jpg 1024w, https:\/\/mundoanimal.catedu.es\/wp-content\/uploads\/sites\/302\/2022\/06\/FOTO-4-300x209.jpg 300w, https:\/\/mundoanimal.catedu.es\/wp-content\/uploads\/sites\/302\/2022\/06\/FOTO-4-768x536.jpg 768w, https:\/\/mundoanimal.catedu.es\/wp-content\/uploads\/sites\/302\/2022\/06\/FOTO-4-1536x1071.jpg 1536w, https:\/\/mundoanimal.catedu.es\/wp-content\/uploads\/sites\/302\/2022\/06\/FOTO-4.jpg 2048w\" sizes=\"auto, (max-width: 1024px) 100vw, 1024px\" \/><\/figure>\n\n\n\n<figure class=\"wp-block-image size-large\"><img loading=\"lazy\" decoding=\"async\" width=\"1024\" height=\"768\" data-id=\"433\" src=\"https:\/\/mundoanimal.catedu.es\/wp-content\/uploads\/sites\/302\/2022\/06\/FOTO-8-1024x768.jpg\" alt=\"\" class=\"wp-image-433\" srcset=\"https:\/\/mundoanimal.catedu.es\/wp-content\/uploads\/sites\/302\/2022\/06\/FOTO-8-1024x768.jpg 1024w, https:\/\/mundoanimal.catedu.es\/wp-content\/uploads\/sites\/302\/2022\/06\/FOTO-8-300x225.jpg 300w, https:\/\/mundoanimal.catedu.es\/wp-content\/uploads\/sites\/302\/2022\/06\/FOTO-8-768x576.jpg 768w, https:\/\/mundoanimal.catedu.es\/wp-content\/uploads\/sites\/302\/2022\/06\/FOTO-8-1536x1152.jpg 1536w, https:\/\/mundoanimal.catedu.es\/wp-content\/uploads\/sites\/302\/2022\/06\/FOTO-8.jpg 2048w\" sizes=\"auto, (max-width: 1024px) 100vw, 1024px\" \/><\/figure>\n\n\n\n<figure class=\"wp-block-image size-large\"><img loading=\"lazy\" decoding=\"async\" width=\"1024\" height=\"768\" data-id=\"379\" src=\"https:\/\/mundoanimal.catedu.es\/wp-content\/uploads\/sites\/302\/2022\/03\/IMG20220315113618-1-1024x768.jpg\" alt=\"\" class=\"wp-image-379\"\/><\/figure>\n\n\n\n<figure class=\"wp-block-image size-large\"><img loading=\"lazy\" decoding=\"async\" width=\"598\" height=\"692\" data-id=\"233\" src=\"https:\/\/mundoanimal.catedu.es\/wp-content\/uploads\/sites\/302\/2021\/04\/Gallicum-Animal-1.jpg\" alt=\"\" class=\"wp-image-233\" srcset=\"https:\/\/mundoanimal.catedu.es\/wp-content\/uploads\/sites\/302\/2021\/04\/Gallicum-Animal-1.jpg 598w, https:\/\/mundoanimal.catedu.es\/wp-content\/uploads\/sites\/302\/2021\/04\/Gallicum-Animal-1-259x300.jpg 259w\" sizes=\"auto, (max-width: 598px) 100vw, 598px\" \/><\/figure>\n<\/figure>\n","protected":false},"excerpt":{"rendered":"<p>\u00bfCu\u00e1ndo y d\u00f3nde se celebrar\u00e1? El\u00a0mi\u00e9rcoles 10 de junio en horario de 10 a 13 horas. Ser\u00e1 en el\u00a0Centro C\u00edvico Delicias, en Zaragoza. \u00bfEn qu\u00e9 consistir\u00e1 la jornada? &#8211; En primer lugar se har\u00e1 una puesta en com\u00fan de los<\/p>\n","protected":false},"author":1538,"featured_media":0,"parent":0,"menu_order":0,"comment_status":"closed","ping_status":"closed","template":"","meta":{"_monsterinsights_skip_tracking":false,"_monsterinsights_sitenote_active":false,"_monsterinsights_sitenote_note":"","_monsterinsights_sitenote_category":0,"footnotes":""},"class_list":["post-1850","page","type-page","status-publish","hentry"],"_links":{"self":[{"href":"https:\/\/mundoanimal.catedu.es\/index.php?rest_route=\/wp\/v2\/pages\/1850","targetHints":{"allow":["GET"]}}],"collection":[{"href":"https:\/\/mundoanimal.catedu.es\/index.php?rest_route=\/wp\/v2\/pages"}],"about":[{"href":"https:\/\/mundoanimal.catedu.es\/index.php?rest_route=\/wp\/v2\/types\/page"}],"author":[{"embeddable":true,"href":"https:\/\/mundoanimal.catedu.es\/index.php?rest_route=\/wp\/v2\/users\/1538"}],"replies":[{"embeddable":true,"href":"https:\/\/mundoanimal.catedu.es\/index.php?rest_route=%2Fwp%2Fv2%2Fcomments&post=1850"}],"version-history":[{"count":6,"href":"https:\/\/mundoanimal.catedu.es\/index.php?rest_route=\/wp\/v2\/pages\/1850\/revisions"}],"predecessor-version":[{"id":1994,"href":"https:\/\/mundoanimal.catedu.es\/index.php?rest_route=\/wp\/v2\/pages\/1850\/revisions\/1994"}],"wp:attachment":[{"href":"https:\/\/mundoanimal.catedu.es\/index.php?rest_route=%2Fwp%2Fv2%2Fmedia&parent=1850"}],"curies":[{"name":"wp","href":"https:\/\/api.w.org\/{rel}","templated":true}]}}